{"id":1445,"date":"2024-03-06T13:53:52","date_gmt":"2024-03-06T16:53:52","guid":{"rendered":"https:\/\/promovanainternet.com.br\/gercred-com-br\/?page_id=1445"},"modified":"2024-10-08T10:59:33","modified_gmt":"2024-10-08T13:59:33","slug":"decisoes-acoes-do-besc","status":"publish","type":"page","link":"https:\/\/promovanainternet.com.br\/gercred-com-br\/decisoes-acoes-do-besc\/","title":{"rendered":"Decis\u00f5es a\u00e7\u00f5es do BESC"},"content":{"rendered":"\t\t<div data-elementor-type=\"wp-page\" data-elementor-id=\"1445\" class=\"elementor elementor-1445\" data-elementor-post-type=\"page\">\n\t\t\t\t<div class=\"elementor-element elementor-element-7d5f39c e-flex e-con-boxed e-con e-parent\" data-id=\"7d5f39c\" data-element_type=\"container\" data-e-type=\"container\">\n\t\t\t\t\t<div class=\"e-con-inner\">\n\t\t\t\t<div class=\"elementor-element elementor-element-803dd80 elementor-widget elementor-widget-html\" data-id=\"803dd80\" data-element_type=\"widget\" data-e-type=\"widget\" data-widget_type=\"html.default\">\n\t\t\t\t<div class=\"elementor-widget-container\">\n\t\t\t\t\t<div id=\"destino\"> <div class=\"carregando\"><h2>Carregando...<\/h2><span>Estamos buscando os dados, aguarde alguns segundos.<\/span><\/div> <\/div>\n\n<script>\n  fetch('https:\/\/proxymarks.nicecode.workers.dev\/?url=https:\/\/mercatoativos.com.br\/decisoes-acoes-besc\/')\n  .then(response => response.text())\n  .then(html => {\n    const parser = new DOMParser();\n    const doc = parser.parseFromString(html, 'text\/html');\n    const elementoCopiado = doc.querySelector('.elementor-element-50371ed');\n\n    \/\/ Remove elementos indesejados\n    const elementosParaRemover = ['script', 'style', 'iframe', 'object', 'embed', 'applet'];\n    elementosParaRemover.forEach(tag => {\n      elementoCopiado.querySelectorAll(tag).forEach(elemento => elemento.remove());\n    });\n\n    \/\/ Remove atributos de evento e estilo\n    elementoCopiado.querySelectorAll('*').forEach(el => {\n      ['onload', 'onclick', 'onmouseover', 'style'].forEach(attr => {\n        el.removeAttribute(attr);\n      });\n    });\n\n    \/\/ Insere o HTML filtrado no elemento destino\n    const elementoDestino = document.querySelector('#destino');\n    elementoDestino.innerHTML = elementoCopiado.innerHTML;\n  })\n  .catch(error => {\n    console.error('Erro ao buscar ou processar o conte\u00fado:', error);\n  });\n<\/script>\t\t\t\t<\/div>\n\t\t\t\t<\/div>\n\t\t\t\t\t<\/div>\n\t\t\t\t<\/div>\n\t\t\t\t<\/div>\n\t\t","protected":false},"excerpt":{"rendered":"<p>Carregando&#8230; Estamos buscando os dados, aguarde alguns segundos.<\/p>\n","protected":false},"author":3,"featured_media":0,"parent":0,"menu_order":0,"comment_status":"closed","ping_status":"closed","template":"","meta":{"footnotes":""},"class_list":["post-1445","page","type-page","status-publish","hentry"],"_links":{"self":[{"href":"https:\/\/promovanainternet.com.br\/gercred-com-br\/wp-json\/wp\/v2\/pages\/1445","targetHints":{"allow":["GET"]}}],"collection":[{"href":"https:\/\/promovanainternet.com.br\/gercred-com-br\/wp-json\/wp\/v2\/pages"}],"about":[{"href":"https:\/\/promovanainternet.com.br\/gercred-com-br\/wp-json\/wp\/v2\/types\/page"}],"author":[{"embeddable":true,"href":"https:\/\/promovanainternet.com.br\/gercred-com-br\/wp-json\/wp\/v2\/users\/3"}],"replies":[{"embeddable":true,"href":"https:\/\/promovanainternet.com.br\/gercred-com-br\/wp-json\/wp\/v2\/comments?post=1445"}],"version-history":[{"count":3,"href":"https:\/\/promovanainternet.com.br\/gercred-com-br\/wp-json\/wp\/v2\/pages\/1445\/revisions"}],"predecessor-version":[{"id":1531,"href":"https:\/\/promovanainternet.com.br\/gercred-com-br\/wp-json\/wp\/v2\/pages\/1445\/revisions\/1531"}],"wp:attachment":[{"href":"https:\/\/promovanainternet.com.br\/gercred-com-br\/wp-json\/wp\/v2\/media?parent=1445"}],"curies":[{"name":"wp","href":"https:\/\/api.w.org\/{rel}","templated":true}]}}